{"id":10,"date":"2021-11-12T18:10:33","date_gmt":"2021-11-12T18:10:33","guid":{"rendered":"https:\/\/dev.beatricebermond.it\/iciap\/?page_id=10"},"modified":"2023-04-19T17:28:05","modified_gmt":"2023-04-19T17:28:05","slug":"committee","status":"publish","type":"page","link":"https:\/\/dev.beatricebermond.it\/iciap\/committee\/","title":{"rendered":"Committee"},"content":{"rendered":"\n<p><strong>General Chairs: <\/strong>Gian Luca Foresti (U. Udine) Andrea Fusiello (U. Udine) , Edwin<\/p>\n\n\n\n<p>Hancock (U. York)<\/p>\n\n\n\n<p><strong>Program Chairs: <\/strong>Michael Bronstein (U. Oxford), Barbara Caputo (Politecnico Torino),<\/p>\n\n\n\n<p>Giuseppe Serra (U. Udine)<\/p>\n\n\n\n<p><strong>Workshop Chairs: <\/strong>Federica Arrigoni (Politecnico Milano), Lauro Snidaro (U. Udine)<\/p>\n\n\n\n<p><strong>Tutorial Chairs: <\/strong>Christian Micheloni (U. Udine) , Francesca Odone (U. Genova)<\/p>\n\n\n\n<p><strong>Publication Chairs: <\/strong>Claudio Piciarelli (U. Udine) , Niki Martinel (U. Udine)<\/p>\n\n\n\n<p><strong>Industrial Liaison Chairs: <\/strong>Pasqualina Fragneto (STM), Fabio Narducci (Universit\u00e0 di Salerno)<\/p>\n\n\n\n<p><strong>Publicity\/Social Chair: <\/strong>Matteo Dunnhofer (U. Udine), Beatrice Portelli (U. Udine)<\/p>\n\n\n\n<p><strong>Local Organization Chairs: <\/strong>Eleonora Maset (U. Udine), Andrea Toma (U. Udine),<\/p>\n\n\n\n<p>Emanuela Colombi (U. Udine), Alex Falcon (U. Udine)<\/p>\n\n\n\n<p><\/p>\n\n\n\n<h2 class=\"wp-block-heading\">Organizers<\/h2>\n\n\n\n<p><strong>General Chairs<\/strong><br>Gian Luca Foresti (U. Udine)<br>Andrea Fusiello (U. Udine)<br>Edwin Hancock (U. York)<br><a href=\"mailto:general@iciap2023.org\" target=\"_blank\" rel=\"noreferrer noopener\">general@iciap2023.org<\/a><\/p>\n\n\n\n<p><strong>Workshop Chairs<\/strong><br>Federica Arrigoni (Politecnico Milano)<br>Lauro Snidaro (U. Udine)<br><a href=\"mailto:workshops@iciap2023.org\" target=\"_blank\" rel=\"noreferrer noopener\">workshops@iciap2023.org<\/a><\/p>\n\n\n\n<p><strong>Publication Chairs<\/strong><br>Claudio Piciarelli (U. Udine)<br>Niki Martinel (U. Udine)<\/p>\n\n\n\n<p><strong>Publicity\/Social Chair<\/strong><br>Matteo Dunnhofer (U. Udine)<br>Beatrice Portelli (U. Udine)<br><a href=\"mailto:publicity@iciap2023.org\" target=\"_blank\" rel=\"noreferrer noopener\">publicity@iciap2023.org<\/a><\/p>\n\n\n\n<p><strong>Program Chairs<\/strong><br>Michael Bronstein (U. Oxford)<br>Barbara Caputo (Politecnico Torino)<br>Giuseppe Serra (U. Udine)<br><a href=\"mailto:program@iciap2023.org\" target=\"_blank\" rel=\"noreferrer noopener\">program@iciap2023.org<\/a><\/p>\n\n\n\n<p><strong>Tutorial Chairs<\/strong><br>Christian Micheloni (U. Udine)<br>Francesca Odone (U. Genova)<br><a href=\"mailto:tutorials@iciap2023.org\" target=\"_blank\" rel=\"noreferrer noopener\">tutorials@iciap2023.org<\/a><\/p>\n\n\n\n<p><strong>Industrial Liaison Chairs<\/strong><br>Pasqualina Fragneto (STM)<\/p>\n\n\n\n<p><strong>Local Organization Chairs<\/strong><br>Eleonora Maset (U. Udine)<br>Andrea Toma (U. Udine)<br>Emanuela Colombi (U. Udine)<br>Alex Falcon (U. Udine)<\/p>\n\n\n\n<p><\/p>\n\n\n\n<h2 class=\"wp-block-heading\">Steering committee<\/h2>\n\n\n\n<p>Virginio Cantoni&nbsp;(U.&nbsp;Pavia)<br>Luigi Pietro Cordella&nbsp;(U.&nbsp;Napoli Federico II)<br>Rita Cucchiara&nbsp;(U.&nbsp;Modena-Reggio Emilia)<br>Alberto Del Bimbo (U. Firenze)<br>Marco Ferretti&nbsp;(U.&nbsp;Pavia)<\/p>\n\n\n\n<p>Gian Luca Foresti&nbsp;(U. Udine)<br>Fabio Roli&nbsp;&nbsp;(U.Cagliari)<br>Gabriella Sanniti di Baja&nbsp;(ICAR-CNR)<\/p>\n\n\n\n<p><\/p>\n\n\n\n<h2 class=\"wp-block-heading\">Area Chairs<\/h2>\n\n\n\n<p><strong>Pattern Recognition<\/strong><\/p>\n\n\n\n<p>Raffaella Lanzarotti (U. Milano)<\/p>\n\n\n\n<p>Nicola Strisciuglio (U. Twente)<\/p>\n\n\n\n<p><strong>Machine Learning and Deep Learning<\/strong><\/p>\n\n\n\n<p>Tatiana Tommasi (Poli. Torino)<br>Timothy M. Hospedales (U. of Edinburgh)<\/p>\n\n\n\n<p><strong>3D Computer Vision and Geometry<\/strong><\/p>\n\n\n\n<p>Luca Magri (Poli. Milano)<\/p>\n\n\n\n<p>James Pritts (CTU Prague)<\/p>\n\n\n\n<p><strong>Image Analysis: Detection and Recognition<\/strong><\/p>\n\n\n\n<p>Giacomo Boracchi (Poli. Milano)<\/p>\n\n\n\n<p>M\u00e5rten Sj\u00f6str\u00f6m (Mid Sweden U.)<\/p>\n\n\n\n<p><strong>Video Analysis &amp; Understanding<\/strong><\/p>\n\n\n\n<p>Elisa Ricci (U. Trento)<\/p>\n\n\n\n<p>Efstratios Gavves (U. Amsterdam)<\/p>\n\n\n\n<p><strong>Biomedical and Assistive Technology<\/strong><\/p>\n\n\n\n<p>Marco Leo (CNR)<\/p>\n\n\n\n<p>Zhigang Zhu (City College NY)<\/p>\n\n\n\n<p><strong>Digital Forensics and Biometrics<\/strong><\/p>\n\n\n\n<p>Alessandro Ortis (U. Catania)<\/p>\n\n\n\n<p>Christian Riess (Friedrich-Alexander U. Erlangen-N\u00fcrnberg)<\/p>\n\n\n\n<p><strong>Multimedia<\/strong><\/p>\n\n\n\n<p>Francesco Isgr\u00f2 (U. Napoli Federico II)<\/p>\n\n\n\n<p>Oliver Schreer (Fraunhofer HHI)<\/p>\n\n\n\n<p><strong>Cultural Heritage<\/strong><\/p>\n\n\n\n<p>Lorenzo Baraldi (U. Modena-Reggio)<\/p>\n\n\n\n<p>Christopher Kermorvant (Teklia)<\/p>\n\n\n\n<p><strong>Robot Vision and Automotive<\/strong><\/p>\n\n\n\n<p>Alberto Pretto (U. Padova)<\/p>\n\n\n\n<p>Henrik Andreasson (\u00d6rebro U.)<\/p>\n\n\n\n<p><strong>Shape representation recognition and analysis<\/strong><\/p>\n\n\n\n<p>Emanuele Rodol\u00e0 (U. Roma Sapienza)<\/p>\n\n\n\n<p>Zorah Laehner (U. Siegen)<\/p>\n\n\n\n<p><strong>Augmented and Virtual Reality<\/strong><\/p>\n\n\n\n<p>Andrea Torsello (U. Venezia Ca&#8217; Foscari)<\/p>\n\n\n\n<p>Richard Wilson (U. York)<\/p>\n\n\n\n<p><strong>Geospatial Analysis<\/strong><\/p>\n\n\n\n<p>Enrico Magli (Poli. Torino)<\/p>\n\n\n\n<p>Mozhdeh Shahbazi (U. Calgary)<\/p>\n\n\n\n<p><strong>Computer Vision for UAVs<\/strong><\/p>\n\n\n\n<p>Danilo Avola&nbsp;(U. Roma Sapienza)<br>Parameshachari B D&nbsp;(Nitte Meenakshi Institute of Technology)<\/p>\n\n\n\n<p><strong>Brave New Ideas<\/strong><\/p>\n\n\n\n<p>Marco Cristani (U. Verona)<br>Hichem Sahbi (Sorbonne U.)<\/p>\n\n\n\n<p><\/p>\n","protected":false},"excerpt":{"rendered":"<p>General Chairs: Gian Luca Foresti (U. Udine) Andrea Fusiello (U. Udine) , Edwin Hancock (U. York) Program Chairs: Michael Bronstein (U. Oxford), Barbara Caputo (Politecnico Torino), Giuseppe Serra (U. Udine) Workshop Chairs: Federica Arrigoni (Politecnico Milano), Lauro Snidaro (U. Udine) Tutorial Chairs: Christian Micheloni (U. Udine) , Francesca Odone (U. Genova) Publication Chairs: Claudio Piciarelli [&hellip;]<\/p>\n","protected":false},"author":1,"featured_media":335,"parent":0,"menu_order":0,"comment_status":"closed","ping_status":"closed","template":"page-sidebar-none.php","meta":{"footnotes":""},"class_list":["post-10","page","type-page","status-publish","has-post-thumbnail","hentry"],"acf":[],"yoast_head":"<!-- This site is optimized with the Yoast SEO plugin v20.5 - https:\/\/yoast.com\/wordpress\/plugins\/seo\/ -->\n<title>Committee - ICIAP 2023 | 22nd International Conference on Image Analysis and Processing<\/title>\n<meta name=\"robots\" content=\"index, follow, max-snippet:-1, max-image-preview:large, max-video-preview:-1\" \/>\n<link rel=\"canonical\" href=\"https:\/\/dev.beatricebermond.it\/iciap\/committee\/\" \/>\n<meta property=\"og:locale\" content=\"en_US\" \/>\n<meta property=\"og:type\" content=\"article\" \/>\n<meta property=\"og:title\" content=\"Committee - ICIAP 2023 | 22nd International Conference on Image Analysis and Processing\" \/>\n<meta property=\"og:description\" content=\"General Chairs: Gian Luca Foresti (U. Udine) Andrea Fusiello (U. Udine) , Edwin Hancock (U. York) Program Chairs: Michael Bronstein (U. Oxford), Barbara Caputo (Politecnico Torino), Giuseppe Serra (U. Udine) Workshop Chairs: Federica Arrigoni (Politecnico Milano), Lauro Snidaro (U. Udine) Tutorial Chairs: Christian Micheloni (U. Udine) , Francesca Odone (U. Genova) Publication Chairs: Claudio Piciarelli [&hellip;]\" \/>\n<meta property=\"og:url\" content=\"https:\/\/dev.beatricebermond.it\/iciap\/committee\/\" \/>\n<meta property=\"og:site_name\" content=\"ICIAP 2023 | 22nd International Conference on Image Analysis and Processing\" \/>\n<meta property=\"article:modified_time\" content=\"2023-04-19T17:28:05+00:00\" \/>\n<meta property=\"og:image\" content=\"https:\/\/dev.beatricebermond.it\/iciap\/wp-content\/uploads\/2023\/02\/lay-ICIAP2022-home-image.jpg\" \/>\n\t<meta property=\"og:image:width\" content=\"990\" \/>\n\t<meta property=\"og:image:height\" content=\"292\" \/>\n\t<meta property=\"og:image:type\" content=\"image\/jpeg\" \/>\n<meta name=\"twitter:card\" content=\"summary_large_image\" \/>\n<meta name=\"twitter:label1\" content=\"Est. reading time\" \/>\n\t<meta name=\"twitter:data1\" content=\"2 minutes\" \/>\n<script type=\"application\/ld+json\" class=\"yoast-schema-graph\">{\"@context\":\"https:\/\/schema.org\",\"@graph\":[{\"@type\":\"WebPage\",\"@id\":\"https:\/\/dev.beatricebermond.it\/iciap\/committee\/\",\"url\":\"https:\/\/dev.beatricebermond.it\/iciap\/committee\/\",\"name\":\"Committee - ICIAP 2023 | 22nd International Conference on Image Analysis and Processing\",\"isPartOf\":{\"@id\":\"https:\/\/dev.beatricebermond.it\/iciap\/#website\"},\"datePublished\":\"2021-11-12T18:10:33+00:00\",\"dateModified\":\"2023-04-19T17:28:05+00:00\",\"breadcrumb\":{\"@id\":\"https:\/\/dev.beatricebermond.it\/iciap\/committee\/#breadcrumb\"},\"inLanguage\":\"en-US\",\"potentialAction\":[{\"@type\":\"ReadAction\",\"target\":[\"https:\/\/dev.beatricebermond.it\/iciap\/committee\/\"]}]},{\"@type\":\"BreadcrumbList\",\"@id\":\"https:\/\/dev.beatricebermond.it\/iciap\/committee\/#breadcrumb\",\"itemListElement\":[{\"@type\":\"ListItem\",\"position\":1,\"name\":\"Home\",\"item\":\"https:\/\/dev.beatricebermond.it\/iciap\/\"},{\"@type\":\"ListItem\",\"position\":2,\"name\":\"Committee\"}]},{\"@type\":\"WebSite\",\"@id\":\"https:\/\/dev.beatricebermond.it\/iciap\/#website\",\"url\":\"https:\/\/dev.beatricebermond.it\/iciap\/\",\"name\":\"ICIAP 2023 | 22nd International Conference on Image Analysis and Processing\",\"description\":\"Udine (Italy) - September 11-15, 2023\",\"publisher\":{\"@id\":\"https:\/\/dev.beatricebermond.it\/iciap\/#organization\"},\"potentialAction\":[{\"@type\":\"SearchAction\",\"target\":{\"@type\":\"EntryPoint\",\"urlTemplate\":\"https:\/\/dev.beatricebermond.it\/iciap\/?s={search_term_string}\"},\"query-input\":\"required name=search_term_string\"}],\"inLanguage\":\"en-US\"},{\"@type\":\"Organization\",\"@id\":\"https:\/\/dev.beatricebermond.it\/iciap\/#organization\",\"name\":\"ICIAP 2023 | 22nd International Conference on Image Analysis and Processing\",\"url\":\"https:\/\/dev.beatricebermond.it\/iciap\/\",\"logo\":{\"@type\":\"ImageObject\",\"inLanguage\":\"en-US\",\"@id\":\"https:\/\/dev.beatricebermond.it\/iciap\/#\/schema\/logo\/image\/\",\"url\":\"https:\/\/dev.beatricebermond.it\/iciap\/wp-content\/uploads\/2023\/02\/logo-iciap-2023.png\",\"contentUrl\":\"https:\/\/dev.beatricebermond.it\/iciap\/wp-content\/uploads\/2023\/02\/logo-iciap-2023.png\",\"width\":454,\"height\":434,\"caption\":\"ICIAP 2023 | 22nd International Conference on Image Analysis and Processing\"},\"image\":{\"@id\":\"https:\/\/dev.beatricebermond.it\/iciap\/#\/schema\/logo\/image\/\"}}]}<\/script>\n<!-- \/ Yoast SEO plugin. -->","yoast_head_json":{"title":"Committee - ICIAP 2023 | 22nd International Conference on Image Analysis and Processing","robots":{"index":"index","follow":"follow","max-snippet":"max-snippet:-1","max-image-preview":"max-image-preview:large","max-video-preview":"max-video-preview:-1"},"canonical":"https:\/\/dev.beatricebermond.it\/iciap\/committee\/","og_locale":"en_US","og_type":"article","og_title":"Committee - ICIAP 2023 | 22nd International Conference on Image Analysis and Processing","og_description":"General Chairs: Gian Luca Foresti (U. Udine) Andrea Fusiello (U. Udine) , Edwin Hancock (U. York) Program Chairs: Michael Bronstein (U. Oxford), Barbara Caputo (Politecnico Torino), Giuseppe Serra (U. Udine) Workshop Chairs: Federica Arrigoni (Politecnico Milano), Lauro Snidaro (U. Udine) Tutorial Chairs: Christian Micheloni (U. Udine) , Francesca Odone (U. Genova) Publication Chairs: Claudio Piciarelli [&hellip;]","og_url":"https:\/\/dev.beatricebermond.it\/iciap\/committee\/","og_site_name":"ICIAP 2023 | 22nd International Conference on Image Analysis and Processing","article_modified_time":"2023-04-19T17:28:05+00:00","og_image":[{"width":990,"height":292,"url":"https:\/\/dev.beatricebermond.it\/iciap\/wp-content\/uploads\/2023\/02\/lay-ICIAP2022-home-image.jpg","type":"image\/jpeg"}],"twitter_card":"summary_large_image","twitter_misc":{"Est. reading time":"2 minutes"},"schema":{"@context":"https:\/\/schema.org","@graph":[{"@type":"WebPage","@id":"https:\/\/dev.beatricebermond.it\/iciap\/committee\/","url":"https:\/\/dev.beatricebermond.it\/iciap\/committee\/","name":"Committee - ICIAP 2023 | 22nd International Conference on Image Analysis and Processing","isPartOf":{"@id":"https:\/\/dev.beatricebermond.it\/iciap\/#website"},"datePublished":"2021-11-12T18:10:33+00:00","dateModified":"2023-04-19T17:28:05+00:00","breadcrumb":{"@id":"https:\/\/dev.beatricebermond.it\/iciap\/committee\/#breadcrumb"},"inLanguage":"en-US","potentialAction":[{"@type":"ReadAction","target":["https:\/\/dev.beatricebermond.it\/iciap\/committee\/"]}]},{"@type":"BreadcrumbList","@id":"https:\/\/dev.beatricebermond.it\/iciap\/committee\/#breadcrumb","itemListElement":[{"@type":"ListItem","position":1,"name":"Home","item":"https:\/\/dev.beatricebermond.it\/iciap\/"},{"@type":"ListItem","position":2,"name":"Committee"}]},{"@type":"WebSite","@id":"https:\/\/dev.beatricebermond.it\/iciap\/#website","url":"https:\/\/dev.beatricebermond.it\/iciap\/","name":"ICIAP 2023 | 22nd International Conference on Image Analysis and Processing","description":"Udine (Italy) - September 11-15, 2023","publisher":{"@id":"https:\/\/dev.beatricebermond.it\/iciap\/#organization"},"potentialAction":[{"@type":"SearchAction","target":{"@type":"EntryPoint","urlTemplate":"https:\/\/dev.beatricebermond.it\/iciap\/?s={search_term_string}"},"query-input":"required name=search_term_string"}],"inLanguage":"en-US"},{"@type":"Organization","@id":"https:\/\/dev.beatricebermond.it\/iciap\/#organization","name":"ICIAP 2023 | 22nd International Conference on Image Analysis and Processing","url":"https:\/\/dev.beatricebermond.it\/iciap\/","logo":{"@type":"ImageObject","inLanguage":"en-US","@id":"https:\/\/dev.beatricebermond.it\/iciap\/#\/schema\/logo\/image\/","url":"https:\/\/dev.beatricebermond.it\/iciap\/wp-content\/uploads\/2023\/02\/logo-iciap-2023.png","contentUrl":"https:\/\/dev.beatricebermond.it\/iciap\/wp-content\/uploads\/2023\/02\/logo-iciap-2023.png","width":454,"height":434,"caption":"ICIAP 2023 | 22nd International Conference on Image Analysis and Processing"},"image":{"@id":"https:\/\/dev.beatricebermond.it\/iciap\/#\/schema\/logo\/image\/"}}]}},"_links":{"self":[{"href":"https:\/\/dev.beatricebermond.it\/iciap\/wp-json\/wp\/v2\/pages\/10","targetHints":{"allow":["GET"]}}],"collection":[{"href":"https:\/\/dev.beatricebermond.it\/iciap\/wp-json\/wp\/v2\/pages"}],"about":[{"href":"https:\/\/dev.beatricebermond.it\/iciap\/wp-json\/wp\/v2\/types\/page"}],"author":[{"embeddable":true,"href":"https:\/\/dev.beatricebermond.it\/iciap\/wp-json\/wp\/v2\/users\/1"}],"replies":[{"embeddable":true,"href":"https:\/\/dev.beatricebermond.it\/iciap\/wp-json\/wp\/v2\/comments?post=10"}],"version-history":[{"count":11,"href":"https:\/\/dev.beatricebermond.it\/iciap\/wp-json\/wp\/v2\/pages\/10\/revisions"}],"predecessor-version":[{"id":454,"href":"https:\/\/dev.beatricebermond.it\/iciap\/wp-json\/wp\/v2\/pages\/10\/revisions\/454"}],"wp:featuredmedia":[{"embeddable":true,"href":"https:\/\/dev.beatricebermond.it\/iciap\/wp-json\/wp\/v2\/media\/335"}],"wp:attachment":[{"href":"https:\/\/dev.beatricebermond.it\/iciap\/wp-json\/wp\/v2\/media?parent=10"}],"curies":[{"name":"wp","href":"https:\/\/api.w.org\/{rel}","templated":true}]}}